{"id":14215,"date":"2023-11-28T19:37:36","date_gmt":"2023-11-28T16:37:36","guid":{"rendered":"https:\/\/pruvayangin.com.tr\/?page_id=14215"},"modified":"2023-11-28T19:38:31","modified_gmt":"2023-11-28T16:38:31","slug":"belgeler","status":"publish","type":"page","link":"https:\/\/pruvayangin.com.tr\/index.php\/belgeler\/","title":{"rendered":"Belgeler"},"content":{"rendered":"\t\t<div data-elementor-type=\"wp-page\" data-elementor-id=\"14215\" class=\"elementor elementor-14215\">\n\t\t\t\t\t\t\t<div class=\"elementor-element elementor-element-539cb42 e-flex e-con-boxed e-con e-parent\" data-id=\"539cb42\" data-element_type=\"container\" data-settings=\"{&quot;content_width&quot;:&quot;boxed&quot;}\" data-core-v316-plus=\"true\">\n\t\t\t\t\t<div class=\"e-con-inner\">\n\t\t\t\t<div class=\"elementor-element elementor-element-cc7d39c elementor-widget elementor-widget-spacer\" data-id=\"cc7d39c\" data-element_type=\"widget\" data-widget_type=\"spacer.default\">\n\t\t\t\t<div class=\"elementor-widget-container\">\n\t\t\t<style>\/*! elementor - v3.17.0 - 08-11-2023 *\/\n.elementor-column .elementor-spacer-inner{height:var(--spacer-size)}.e-con{--container-widget-width:100%}.e-con-inner>.elementor-widget-spacer,.e-con>.elementor-widget-spacer{width:var(--container-widget-width,var(--spacer-size));--align-self:var(--container-widget-align-self,initial);--flex-shrink:0}.e-con-inner>.elementor-widget-spacer>.elementor-widget-container,.e-con>.elementor-widget-spacer>.elementor-widget-container{height:100%;width:100%}.e-con-inner>.elementor-widget-spacer>.elementor-widget-container>.elementor-spacer,.e-con>.elementor-widget-spacer>.elementor-widget-container>.elementor-spacer{height:100%}.e-con-inner>.elementor-widget-spacer>.elementor-widget-container>.elementor-spacer>.elementor-spacer-inner,.e-con>.elementor-widget-spacer>.elementor-widget-container>.elementor-spacer>.elementor-spacer-inner{height:var(--container-widget-height,var(--spacer-size))}.e-con-inner>.elementor-widget-spacer.elementor-widget-empty,.e-con>.elementor-widget-spacer.elementor-widget-empty{position:relative;min-height:22px;min-width:22px}.e-con-inner>.elementor-widget-spacer.elementor-widget-empty .elementor-widget-empty-icon,.e-con>.elementor-widget-spacer.elementor-widget-empty .elementor-widget-empty-icon{position:absolute;top:0;bottom:0;left:0;right:0;margin:auto;padding:0;width:22px;height:22px}<\/style>\t\t<div class=\"elementor-spacer\">\n\t\t\t<div class=\"elementor-spacer-inner\"><\/div>\n\t\t<\/div>\n\t\t\t\t<\/div>\n\t\t\t\t<\/div>\n\t\t\t\t\t<\/div>\n\t\t\t\t<\/div>\n\t\t<div class=\"elementor-element elementor-element-57f84fe e-flex e-con-boxed e-con e-parent\" data-id=\"57f84fe\" data-element_type=\"container\" data-settings=\"{&quot;content_width&quot;:&quot;boxed&quot;}\" data-core-v316-plus=\"true\">\n\t\t\t\t\t<div class=\"e-con-inner\">\n\t\t\t\t<div class=\"elementor-element elementor-element-0acc55f elementor-widget elementor-widget-heading\" data-id=\"0acc55f\" data-element_type=\"widget\" data-widget_type=\"heading.default\">\n\t\t\t\t<div class=\"elementor-widget-container\">\n\t\t\t<style>\/*! elementor - v3.17.0 - 08-11-2023 *\/\n.elementor-heading-title{padding:0;margin:0;line-height:1}.elementor-widget-heading .elementor-heading-title[class*=elementor-size-]>a{color:inherit;font-size:inherit;line-height:inherit}.elementor-widget-heading .elementor-heading-title.elementor-size-small{font-size:15px}.elementor-widget-heading .elementor-heading-title.elementor-size-medium{font-size:19px}.elementor-widget-heading .elementor-heading-title.elementor-size-large{font-size:29px}.elementor-widget-heading .elementor-heading-title.elementor-size-xl{font-size:39px}.elementor-widget-heading .elementor-heading-title.elementor-size-xxl{font-size:59px}<\/style><h2 class=\"elementor-heading-title elementor-size-default\">Belgeler<\/h2>\t\t<\/div>\n\t\t\t\t<\/div>\n\t\t\t\t\t<\/div>\n\t\t\t\t<\/div>\n\t\t<div class=\"elementor-element elementor-element-488b7dc e-flex e-con-boxed e-con e-parent\" data-id=\"488b7dc\" data-element_type=\"container\" data-settings=\"{&quot;content_width&quot;:&quot;boxed&quot;}\" data-core-v316-plus=\"true\">\n\t\t\t\t\t<div class=\"e-con-inner\">\n\t\t<div class=\"elementor-element elementor-element-b90039f e-con-full e-flex e-con e-child\" data-id=\"b90039f\" data-element_type=\"container\" data-settings=\"{&quot;content_width&quot;:&quot;full&quot;}\">\n\t\t\t\t<div class=\"elementor-element elementor-element-0e44005 elementor-widget elementor-widget-image\" data-id=\"0e44005\" data-element_type=\"widget\" data-widget_type=\"image.default\">\n\t\t\t\t<div class=\"elementor-widget-container\">\n\t\t\t<style>\/*! elementor - v3.17.0 - 08-11-2023 *\/\n.elementor-widget-image{text-align:center}.elementor-widget-image a{display:inline-block}.elementor-widget-image a img[src$=\".svg\"]{width:48px}.elementor-widget-image img{vertical-align:middle;display:inline-block}<\/style>\t\t\t\t\t\t\t\t\t\t\t\t<img decoding=\"async\" src=\"https:\/\/pruvayangin.com.tr\/wp-content\/plugins\/elementor\/assets\/images\/placeholder.png\" title=\"\" alt=\"\" loading=\"lazy\" \/>\t\t\t\t\t\t\t\t\t\t\t\t\t\t\t<\/div>\n\t\t\t\t<\/div>\n\t\t\t\t<\/div>\n\t\t<div class=\"elementor-element elementor-element-0d1cfdf e-con-full e-flex e-con e-child\" data-id=\"0d1cfdf\" data-element_type=\"container\" data-settings=\"{&quot;content_width&quot;:&quot;full&quot;}\">\n\t\t\t\t<div class=\"elementor-element elementor-element-0e928d7 elementor-widget elementor-widget-image\" data-id=\"0e928d7\" data-element_type=\"widget\" data-widget_type=\"image.default\">\n\t\t\t\t<div class=\"elementor-widget-container\">\n\t\t\t\t\t\t\t\t\t\t\t\t\t\t\t<img decoding=\"async\" src=\"https:\/\/pruvayangin.com.tr\/wp-content\/plugins\/elementor\/assets\/images\/placeholder.png\" title=\"\" alt=\"\" loading=\"lazy\" \/>\t\t\t\t\t\t\t\t\t\t\t\t\t\t\t<\/div>\n\t\t\t\t<\/div>\n\t\t\t\t<\/div>\n\t\t\t\t\t<\/div>\n\t\t\t\t<\/div>\n\t\t\t\t\t\t\t<\/div>\n\t\t","protected":false},"excerpt":{"rendered":"<p>Belgeler<\/p>\n","protected":false},"author":1,"featured_media":0,"parent":0,"menu_order":0,"comment_status":"closed","ping_status":"closed","template":"","meta":{"_monsterinsights_skip_tracking":false,"_monsterinsights_sitenote_active":false,"_monsterinsights_sitenote_note":"","_monsterinsights_sitenote_category":0,"footnotes":""},"yoast_head":"<!-- This site is optimized with the Yoast SEO plugin v21.7 - https:\/\/yoast.com\/wordpress\/plugins\/seo\/ -->\n<title>Belgeler - Pruva Yangin<\/title>\n<meta name=\"robots\" content=\"index, follow, max-snippet:-1, max-image-preview:large, max-video-preview:-1\" \/>\n<link rel=\"canonical\" href=\"https:\/\/pruvayangin.com.tr\/index.php\/belgeler\/\" \/>\n<meta property=\"og:locale\" content=\"tr_TR\" \/>\n<meta property=\"og:type\" content=\"article\" \/>\n<meta property=\"og:title\" content=\"Belgeler - Pruva Yangin\" \/>\n<meta property=\"og:description\" content=\"Belgeler\" \/>\n<meta property=\"og:url\" content=\"https:\/\/pruvayangin.com.tr\/index.php\/belgeler\/\" \/>\n<meta property=\"og:site_name\" content=\"Pruva Yangin\" \/>\n<meta property=\"article:modified_time\" content=\"2023-11-28T16:38:31+00:00\" \/>\n<meta property=\"og:image\" content=\"https:\/\/pruvayangin.com.tr\/wp-content\/plugins\/elementor\/assets\/images\/placeholder.png\" \/>\n<meta name=\"twitter:card\" content=\"summary_large_image\" \/>\n<script type=\"application\/ld+json\" class=\"yoast-schema-graph\">{\"@context\":\"https:\/\/schema.org\",\"@graph\":[{\"@type\":\"WebPage\",\"@id\":\"https:\/\/pruvayangin.com.tr\/index.php\/belgeler\/\",\"url\":\"https:\/\/pruvayangin.com.tr\/index.php\/belgeler\/\",\"name\":\"Belgeler - Pruva Yangin\",\"isPartOf\":{\"@id\":\"https:\/\/pruvayangin.com.tr\/#website\"},\"datePublished\":\"2023-11-28T16:37:36+00:00\",\"dateModified\":\"2023-11-28T16:38:31+00:00\",\"breadcrumb\":{\"@id\":\"https:\/\/pruvayangin.com.tr\/index.php\/belgeler\/#breadcrumb\"},\"inLanguage\":\"tr\",\"potentialAction\":[{\"@type\":\"ReadAction\",\"target\":[\"https:\/\/pruvayangin.com.tr\/index.php\/belgeler\/\"]}]},{\"@type\":\"BreadcrumbList\",\"@id\":\"https:\/\/pruvayangin.com.tr\/index.php\/belgeler\/#breadcrumb\",\"itemListElement\":[{\"@type\":\"ListItem\",\"position\":1,\"name\":\"Anasayfa\",\"item\":\"https:\/\/pruvayangin.com.tr\/\"},{\"@type\":\"ListItem\",\"position\":2,\"name\":\"Belgeler\"}]},{\"@type\":\"WebSite\",\"@id\":\"https:\/\/pruvayangin.com.tr\/#website\",\"url\":\"https:\/\/pruvayangin.com.tr\/\",\"name\":\"Pruva Yangin\",\"description\":\"\",\"publisher\":{\"@id\":\"https:\/\/pruvayangin.com.tr\/#organization\"},\"potentialAction\":[{\"@type\":\"SearchAction\",\"target\":{\"@type\":\"EntryPoint\",\"urlTemplate\":\"https:\/\/pruvayangin.com.tr\/?s={search_term_string}\"},\"query-input\":\"required name=search_term_string\"}],\"inLanguage\":\"tr\"},{\"@type\":\"Organization\",\"@id\":\"https:\/\/pruvayangin.com.tr\/#organization\",\"name\":\"Pruva Yang\u0131n ve G\u00fcvenlik hizmetleri \u00fcr\u00fcnleri\",\"alternateName\":\"Antalya Yang\u0131n s\u00f6nd\u00fcr\u00fcc\u00fc firmas\u0131\",\"url\":\"https:\/\/pruvayangin.com.tr\/\",\"logo\":{\"@type\":\"ImageObject\",\"inLanguage\":\"tr\",\"@id\":\"https:\/\/pruvayangin.com.tr\/#\/schema\/logo\/image\/\",\"url\":\"https:\/\/pruvayangin.com.tr\/wp-content\/uploads\/2023\/11\/logo.png\",\"contentUrl\":\"https:\/\/pruvayangin.com.tr\/wp-content\/uploads\/2023\/11\/logo.png\",\"width\":400,\"height\":100,\"caption\":\"Pruva Yang\u0131n ve G\u00fcvenlik hizmetleri \u00fcr\u00fcnleri\"},\"image\":{\"@id\":\"https:\/\/pruvayangin.com.tr\/#\/schema\/logo\/image\/\"}}]}<\/script>\n<!-- \/ Yoast SEO plugin. -->","yoast_head_json":{"title":"Belgeler - Pruva Yangin","robots":{"index":"index","follow":"follow","max-snippet":"max-snippet:-1","max-image-preview":"max-image-preview:large","max-video-preview":"max-video-preview:-1"},"canonical":"https:\/\/pruvayangin.com.tr\/index.php\/belgeler\/","og_locale":"tr_TR","og_type":"article","og_title":"Belgeler - Pruva Yangin","og_description":"Belgeler","og_url":"https:\/\/pruvayangin.com.tr\/index.php\/belgeler\/","og_site_name":"Pruva Yangin","article_modified_time":"2023-11-28T16:38:31+00:00","og_image":[{"url":"https:\/\/pruvayangin.com.tr\/wp-content\/plugins\/elementor\/assets\/images\/placeholder.png"}],"twitter_card":"summary_large_image","schema":{"@context":"https:\/\/schema.org","@graph":[{"@type":"WebPage","@id":"https:\/\/pruvayangin.com.tr\/index.php\/belgeler\/","url":"https:\/\/pruvayangin.com.tr\/index.php\/belgeler\/","name":"Belgeler - Pruva Yangin","isPartOf":{"@id":"https:\/\/pruvayangin.com.tr\/#website"},"datePublished":"2023-11-28T16:37:36+00:00","dateModified":"2023-11-28T16:38:31+00:00","breadcrumb":{"@id":"https:\/\/pruvayangin.com.tr\/index.php\/belgeler\/#breadcrumb"},"inLanguage":"tr","potentialAction":[{"@type":"ReadAction","target":["https:\/\/pruvayangin.com.tr\/index.php\/belgeler\/"]}]},{"@type":"BreadcrumbList","@id":"https:\/\/pruvayangin.com.tr\/index.php\/belgeler\/#breadcrumb","itemListElement":[{"@type":"ListItem","position":1,"name":"Anasayfa","item":"https:\/\/pruvayangin.com.tr\/"},{"@type":"ListItem","position":2,"name":"Belgeler"}]},{"@type":"WebSite","@id":"https:\/\/pruvayangin.com.tr\/#website","url":"https:\/\/pruvayangin.com.tr\/","name":"Pruva Yangin","description":"","publisher":{"@id":"https:\/\/pruvayangin.com.tr\/#organization"},"potentialAction":[{"@type":"SearchAction","target":{"@type":"EntryPoint","urlTemplate":"https:\/\/pruvayangin.com.tr\/?s={search_term_string}"},"query-input":"required name=search_term_string"}],"inLanguage":"tr"},{"@type":"Organization","@id":"https:\/\/pruvayangin.com.tr\/#organization","name":"Pruva Yang\u0131n ve G\u00fcvenlik hizmetleri \u00fcr\u00fcnleri","alternateName":"Antalya Yang\u0131n s\u00f6nd\u00fcr\u00fcc\u00fc firmas\u0131","url":"https:\/\/pruvayangin.com.tr\/","logo":{"@type":"ImageObject","inLanguage":"tr","@id":"https:\/\/pruvayangin.com.tr\/#\/schema\/logo\/image\/","url":"https:\/\/pruvayangin.com.tr\/wp-content\/uploads\/2023\/11\/logo.png","contentUrl":"https:\/\/pruvayangin.com.tr\/wp-content\/uploads\/2023\/11\/logo.png","width":400,"height":100,"caption":"Pruva Yang\u0131n ve G\u00fcvenlik hizmetleri \u00fcr\u00fcnleri"},"image":{"@id":"https:\/\/pruvayangin.com.tr\/#\/schema\/logo\/image\/"}}]}},"_links":{"self":[{"href":"https:\/\/pruvayangin.com.tr\/index.php\/wp-json\/wp\/v2\/pages\/14215"}],"collection":[{"href":"https:\/\/pruvayangin.com.tr\/index.php\/wp-json\/wp\/v2\/pages"}],"about":[{"href":"https:\/\/pruvayangin.com.tr\/index.php\/wp-json\/wp\/v2\/types\/page"}],"author":[{"embeddable":true,"href":"https:\/\/pruvayangin.com.tr\/index.php\/wp-json\/wp\/v2\/users\/1"}],"replies":[{"embeddable":true,"href":"https:\/\/pruvayangin.com.tr\/index.php\/wp-json\/wp\/v2\/comments?post=14215"}],"version-history":[{"count":5,"href":"https:\/\/pruvayangin.com.tr\/index.php\/wp-json\/wp\/v2\/pages\/14215\/revisions"}],"predecessor-version":[{"id":14220,"href":"https:\/\/pruvayangin.com.tr\/index.php\/wp-json\/wp\/v2\/pages\/14215\/revisions\/14220"}],"wp:attachment":[{"href":"https:\/\/pruvayangin.com.tr\/index.php\/wp-json\/wp\/v2\/media?parent=14215"}],"curies":[{"name":"wp","href":"https:\/\/api.w.org\/{rel}","templated":true}]}}