{"id":13487,"date":"2023-07-18T20:49:06","date_gmt":"2023-07-18T20:49:06","guid":{"rendered":"https:\/\/business.reobiztheme.com\/?page_id=13487"},"modified":"2023-11-26T22:47:46","modified_gmt":"2023-11-26T19:47:46","slug":"urunlerimiz","status":"publish","type":"page","link":"https:\/\/pruvayangin.com.tr\/index.php\/urunlerimiz\/","title":{"rendered":"\u00dcr\u00fcnlerimiz"},"content":{"rendered":"\t\t<div data-elementor-type=\"wp-page\" data-elementor-id=\"13487\" class=\"elementor elementor-13487\">\n\t\t\t\t\t\t\t\t\t<section class=\"elementor-section elementor-top-section elementor-element elementor-element-59e8ae50 elementor-section-full_width elementor-section-height-default elementor-section-height-default\" data-id=\"59e8ae50\" data-element_type=\"section\">\n\t\t\t\t\t\t<div class=\"elementor-container elementor-column-gap-no\">\n\t\t\t\t\t<div class=\"elementor-column elementor-col-100 elementor-top-column elementor-element elementor-element-6873c841\" data-id=\"6873c841\" data-element_type=\"column\">\n\t\t\t<div class=\"elementor-widget-wrap elementor-element-populated\">\n\t\t\t\t\t\t\t\t<div class=\"elementor-element elementor-element-25dc52b1 elementor-widget elementor-widget-rsportfolio\" data-id=\"25dc52b1\" data-element_type=\"widget\" data-widget_type=\"rsportfolio.default\">\n\t\t\t\t<div class=\"elementor-widget-container\">\n\t\t\t\t\t<div class=\"rs-portfolio-style3 rsaddon_pro_box\">\n\t\n\t\t\t<div class=\"grid\">\n\t\t\t\t<div class=\"row \">\n\n\t\t\t\t    \t\r\n\t<div class=\"col-lg-4 col-md-6 grid-item \">\r\n\t\t\t<div class=\"portfolio-item content-overlay\">\r\n\t\t\t\t                    <div class=\"portfolio-img\">\r\n                    \t<a href=\"https:\/\/pruvayangin.com.tr\/index.php\/portfolios\/yangin-sonduruculer\/\"><img fetchpriority=\"high\" decoding=\"async\" width=\"640\" height=\"427\" src=\"https:\/\/pruvayangin.com.tr\/wp-content\/uploads\/2023\/11\/03.jpg\" class=\"attachment-large size-large wp-post-image\" alt=\"\" srcset=\"https:\/\/pruvayangin.com.tr\/wp-content\/uploads\/2023\/11\/03.jpg 750w, https:\/\/pruvayangin.com.tr\/wp-content\/uploads\/2023\/11\/03-300x200.jpg 300w, https:\/\/pruvayangin.com.tr\/wp-content\/uploads\/2023\/11\/03-365x243.jpg 365w\" sizes=\"(max-width: 640px) 100vw, 640px\" \/><\/a>\r\n                    <\/div>\r\n                                <div class=\"portfolio-content\">\r\n                    <div class=\"portfolio-inner\">\r\n                        \t                        \t\t<h4 class=\"p-title\"><a href=\"https:\/\/pruvayangin.com.tr\/index.php\/portfolios\/yangin-sonduruculer\/\">Yang\u0131n S\u00f6nd\u00fcr\u00fcc\u00fcler<\/a><\/h4>\r\n                        \t                        \t<p class=\"p-category\"> <a href=\"https:\/\/pruvayangin.com.tr\/index.php\/portfolio-category\/yangin-sondurme\/\" rel=\"tag\">Yang\u0131n S\u00f6nd\u00fcrme<\/a><\/p>\r\n                    <\/div>\r\n                <\/div>\r\n            <\/div>\r\n\t\t<\/div>\r\n\t\t\r\n\t<div class=\"col-lg-4 col-md-6 grid-item \">\r\n\t\t\t<div class=\"portfolio-item content-overlay\">\r\n\t\t\t\t                    <div class=\"portfolio-img\">\r\n                    \t<a href=\"https:\/\/pruvayangin.com.tr\/index.php\/portfolios\/pano-tipi-sondurme-sistemi\/\"><img decoding=\"async\" width=\"640\" height=\"427\" src=\"https:\/\/pruvayangin.com.tr\/wp-content\/uploads\/2023\/11\/04.jpg\" class=\"attachment-large size-large wp-post-image\" alt=\"\" srcset=\"https:\/\/pruvayangin.com.tr\/wp-content\/uploads\/2023\/11\/04.jpg 750w, https:\/\/pruvayangin.com.tr\/wp-content\/uploads\/2023\/11\/04-300x200.jpg 300w, https:\/\/pruvayangin.com.tr\/wp-content\/uploads\/2023\/11\/04-365x243.jpg 365w\" sizes=\"(max-width: 640px) 100vw, 640px\" \/><\/a>\r\n                    <\/div>\r\n                                <div class=\"portfolio-content\">\r\n                    <div class=\"portfolio-inner\">\r\n                        \t                        \t\t<h4 class=\"p-title\"><a href=\"https:\/\/pruvayangin.com.tr\/index.php\/portfolios\/pano-tipi-sondurme-sistemi\/\">Pano Tipi S\u00f6nd\u00fcrme Sistemi<\/a><\/h4>\r\n                        \t                        \t<p class=\"p-category\"> <a href=\"https:\/\/pruvayangin.com.tr\/index.php\/portfolio-category\/yangin-sondurme\/\" rel=\"tag\">Yang\u0131n S\u00f6nd\u00fcrme<\/a><\/p>\r\n                    <\/div>\r\n                <\/div>\r\n            <\/div>\r\n\t\t<\/div>\r\n\t\t\r\n\t<div class=\"col-lg-4 col-md-6 grid-item \">\r\n\t\t\t<div class=\"portfolio-item content-overlay\">\r\n\t\t\t\t                    <div class=\"portfolio-img\">\r\n                    \t<a href=\"https:\/\/pruvayangin.com.tr\/index.php\/portfolios\/braket-ve-askilar\/\"><img decoding=\"async\" width=\"640\" height=\"427\" src=\"https:\/\/pruvayangin.com.tr\/wp-content\/uploads\/2023\/11\/05.jpg\" class=\"attachment-large size-large wp-post-image\" alt=\"\" srcset=\"https:\/\/pruvayangin.com.tr\/wp-content\/uploads\/2023\/11\/05.jpg 750w, https:\/\/pruvayangin.com.tr\/wp-content\/uploads\/2023\/11\/05-300x200.jpg 300w, https:\/\/pruvayangin.com.tr\/wp-content\/uploads\/2023\/11\/05-365x243.jpg 365w\" sizes=\"(max-width: 640px) 100vw, 640px\" \/><\/a>\r\n                    <\/div>\r\n                                <div class=\"portfolio-content\">\r\n                    <div class=\"portfolio-inner\">\r\n                        \t                        \t\t<h4 class=\"p-title\"><a href=\"https:\/\/pruvayangin.com.tr\/index.php\/portfolios\/braket-ve-askilar\/\">Braket ve Ask\u0131lar<\/a><\/h4>\r\n                        \t                        \t<p class=\"p-category\"> <a href=\"https:\/\/pruvayangin.com.tr\/index.php\/portfolio-category\/yangin-sondurme\/\" rel=\"tag\">Yang\u0131n S\u00f6nd\u00fcrme<\/a><\/p>\r\n                    <\/div>\r\n                <\/div>\r\n            <\/div>\r\n\t\t<\/div>\r\n\t\t\r\n\t<div class=\"col-lg-4 col-md-6 grid-item \">\r\n\t\t\t<div class=\"portfolio-item content-overlay\">\r\n\t\t\t\t                    <div class=\"portfolio-img\">\r\n                    \t<a href=\"https:\/\/pruvayangin.com.tr\/index.php\/portfolios\/yangin-hortumlari\/\"><img loading=\"lazy\" decoding=\"async\" width=\"640\" height=\"427\" src=\"https:\/\/pruvayangin.com.tr\/wp-content\/uploads\/2023\/11\/06.jpg\" class=\"attachment-large size-large wp-post-image\" alt=\"\" srcset=\"https:\/\/pruvayangin.com.tr\/wp-content\/uploads\/2023\/11\/06.jpg 750w, https:\/\/pruvayangin.com.tr\/wp-content\/uploads\/2023\/11\/06-300x200.jpg 300w, https:\/\/pruvayangin.com.tr\/wp-content\/uploads\/2023\/11\/06-365x243.jpg 365w\" sizes=\"(max-width: 640px) 100vw, 640px\" \/><\/a>\r\n                    <\/div>\r\n                                <div class=\"portfolio-content\">\r\n                    <div class=\"portfolio-inner\">\r\n                        \t                        \t\t<h4 class=\"p-title\"><a href=\"https:\/\/pruvayangin.com.tr\/index.php\/portfolios\/yangin-hortumlari\/\">Yang\u0131n Hortumlar\u0131<\/a><\/h4>\r\n                        \t                        \t<p class=\"p-category\"> <a href=\"https:\/\/pruvayangin.com.tr\/index.php\/portfolio-category\/yangin-sondurme\/\" rel=\"tag\">Yang\u0131n S\u00f6nd\u00fcrme<\/a><\/p>\r\n                    <\/div>\r\n                <\/div>\r\n            <\/div>\r\n\t\t<\/div>\r\n\t\t\r\n\t<div class=\"col-lg-4 col-md-6 grid-item \">\r\n\t\t\t<div class=\"portfolio-item content-overlay\">\r\n\t\t\t\t                    <div class=\"portfolio-img\">\r\n                    \t<a href=\"https:\/\/pruvayangin.com.tr\/index.php\/portfolios\/yangin-rekor-ve-vana-gruplari\/\"><img loading=\"lazy\" decoding=\"async\" width=\"640\" height=\"427\" src=\"https:\/\/pruvayangin.com.tr\/wp-content\/uploads\/2023\/11\/07.jpg\" class=\"attachment-large size-large wp-post-image\" alt=\"\" srcset=\"https:\/\/pruvayangin.com.tr\/wp-content\/uploads\/2023\/11\/07.jpg 750w, https:\/\/pruvayangin.com.tr\/wp-content\/uploads\/2023\/11\/07-300x200.jpg 300w, https:\/\/pruvayangin.com.tr\/wp-content\/uploads\/2023\/11\/07-365x243.jpg 365w\" sizes=\"(max-width: 640px) 100vw, 640px\" \/><\/a>\r\n                    <\/div>\r\n                                <div class=\"portfolio-content\">\r\n                    <div class=\"portfolio-inner\">\r\n                        \t                        \t\t<h4 class=\"p-title\"><a href=\"https:\/\/pruvayangin.com.tr\/index.php\/portfolios\/yangin-rekor-ve-vana-gruplari\/\">Yang\u0131n Rekor ve Vana Gruplar\u0131<\/a><\/h4>\r\n                        \t                        \t<p class=\"p-category\"> <a href=\"https:\/\/pruvayangin.com.tr\/index.php\/portfolio-category\/yangin-sondurme\/\" rel=\"tag\">Yang\u0131n S\u00f6nd\u00fcrme<\/a><\/p>\r\n                    <\/div>\r\n                <\/div>\r\n            <\/div>\r\n\t\t<\/div>\r\n\t\t\r\n\t<div class=\"col-lg-4 col-md-6 grid-item \">\r\n\t\t\t<div class=\"portfolio-item content-overlay\">\r\n\t\t\t\t                    <div class=\"portfolio-img\">\r\n                    \t<a href=\"https:\/\/pruvayangin.com.tr\/index.php\/portfolios\/otomatik-sondurme-sistemleri\/\"><img loading=\"lazy\" decoding=\"async\" width=\"640\" height=\"427\" src=\"https:\/\/pruvayangin.com.tr\/wp-content\/uploads\/2023\/11\/08.jpg\" class=\"attachment-large size-large wp-post-image\" alt=\"\" srcset=\"https:\/\/pruvayangin.com.tr\/wp-content\/uploads\/2023\/11\/08.jpg 750w, https:\/\/pruvayangin.com.tr\/wp-content\/uploads\/2023\/11\/08-300x200.jpg 300w, https:\/\/pruvayangin.com.tr\/wp-content\/uploads\/2023\/11\/08-365x243.jpg 365w\" sizes=\"(max-width: 640px) 100vw, 640px\" \/><\/a>\r\n                    <\/div>\r\n                                <div class=\"portfolio-content\">\r\n                    <div class=\"portfolio-inner\">\r\n                        \t                        \t\t<h4 class=\"p-title\"><a href=\"https:\/\/pruvayangin.com.tr\/index.php\/portfolios\/otomatik-sondurme-sistemleri\/\">Otomatik S\u00f6nd\u00fcrme Sistemleri<\/a><\/h4>\r\n                        \t                        \t<p class=\"p-category\"> <a href=\"https:\/\/pruvayangin.com.tr\/index.php\/portfolio-category\/yangin-sondurme\/\" rel=\"tag\">Yang\u0131n S\u00f6nd\u00fcrme<\/a><\/p>\r\n                    <\/div>\r\n                <\/div>\r\n            <\/div>\r\n\t\t<\/div>\r\n\t\t\r\n\t<div class=\"col-lg-4 col-md-6 grid-item \">\r\n\t\t\t<div class=\"portfolio-item content-overlay\">\r\n\t\t\t\t                    <div class=\"portfolio-img\">\r\n                    \t<a href=\"https:\/\/pruvayangin.com.tr\/index.php\/portfolios\/yangin-pompa-gruplari\/\"><img loading=\"lazy\" decoding=\"async\" width=\"640\" height=\"427\" src=\"https:\/\/pruvayangin.com.tr\/wp-content\/uploads\/2023\/11\/09.jpg\" class=\"attachment-large size-large wp-post-image\" alt=\"\" srcset=\"https:\/\/pruvayangin.com.tr\/wp-content\/uploads\/2023\/11\/09.jpg 750w, https:\/\/pruvayangin.com.tr\/wp-content\/uploads\/2023\/11\/09-300x200.jpg 300w, https:\/\/pruvayangin.com.tr\/wp-content\/uploads\/2023\/11\/09-365x243.jpg 365w\" sizes=\"(max-width: 640px) 100vw, 640px\" \/><\/a>\r\n                    <\/div>\r\n                                <div class=\"portfolio-content\">\r\n                    <div class=\"portfolio-inner\">\r\n                        \t                        \t\t<h4 class=\"p-title\"><a href=\"https:\/\/pruvayangin.com.tr\/index.php\/portfolios\/yangin-pompa-gruplari\/\">Yang\u0131n Pompa Gruplar\u0131<\/a><\/h4>\r\n                        \t                        \t<p class=\"p-category\"> <a href=\"https:\/\/pruvayangin.com.tr\/index.php\/portfolio-category\/yangin-sondurme\/\" rel=\"tag\">Yang\u0131n S\u00f6nd\u00fcrme<\/a><\/p>\r\n                    <\/div>\r\n                <\/div>\r\n            <\/div>\r\n\t\t<\/div>\r\n\t\t\r\n\t<div class=\"col-lg-4 col-md-6 grid-item \">\r\n\t\t\t<div class=\"portfolio-item content-overlay\">\r\n\t\t\t\t                    <div class=\"portfolio-img\">\r\n                    \t<a href=\"https:\/\/pruvayangin.com.tr\/index.php\/portfolios\/yangin-algilama-ve-alarm-sistemleri\/\"><img loading=\"lazy\" decoding=\"async\" width=\"640\" height=\"427\" src=\"https:\/\/pruvayangin.com.tr\/wp-content\/uploads\/2023\/11\/10.jpg\" class=\"attachment-large size-large wp-post-image\" alt=\"\" srcset=\"https:\/\/pruvayangin.com.tr\/wp-content\/uploads\/2023\/11\/10.jpg 750w, https:\/\/pruvayangin.com.tr\/wp-content\/uploads\/2023\/11\/10-300x200.jpg 300w, https:\/\/pruvayangin.com.tr\/wp-content\/uploads\/2023\/11\/10-365x243.jpg 365w\" sizes=\"(max-width: 640px) 100vw, 640px\" \/><\/a>\r\n                    <\/div>\r\n                                <div class=\"portfolio-content\">\r\n                    <div class=\"portfolio-inner\">\r\n                        \t                        \t\t<h4 class=\"p-title\"><a href=\"https:\/\/pruvayangin.com.tr\/index.php\/portfolios\/yangin-algilama-ve-alarm-sistemleri\/\">Yang\u0131n Alg\u0131lama ve Alarm Sistemleri<\/a><\/h4>\r\n                        \t                        \t<p class=\"p-category\"> <a href=\"https:\/\/pruvayangin.com.tr\/index.php\/portfolio-category\/yangin-sondurme\/\" rel=\"tag\">Yang\u0131n S\u00f6nd\u00fcrme<\/a><\/p>\r\n                    <\/div>\r\n                <\/div>\r\n            <\/div>\r\n\t\t<\/div>\r\n\t\t\r\n\t<div class=\"col-lg-4 col-md-6 grid-item \">\r\n\t\t\t<div class=\"portfolio-item content-overlay\">\r\n\t\t\t\t                    <div class=\"portfolio-img\">\r\n                    \t<a href=\"https:\/\/pruvayangin.com.tr\/index.php\/portfolios\/yangin-merdivenleri\/\"><img loading=\"lazy\" decoding=\"async\" width=\"640\" height=\"427\" src=\"https:\/\/pruvayangin.com.tr\/wp-content\/uploads\/2023\/11\/11.jpg\" class=\"attachment-large size-large wp-post-image\" alt=\"\" srcset=\"https:\/\/pruvayangin.com.tr\/wp-content\/uploads\/2023\/11\/11.jpg 750w, https:\/\/pruvayangin.com.tr\/wp-content\/uploads\/2023\/11\/11-300x200.jpg 300w, https:\/\/pruvayangin.com.tr\/wp-content\/uploads\/2023\/11\/11-365x243.jpg 365w\" sizes=\"(max-width: 640px) 100vw, 640px\" \/><\/a>\r\n                    <\/div>\r\n                                <div class=\"portfolio-content\">\r\n                    <div class=\"portfolio-inner\">\r\n                        \t                        \t\t<h4 class=\"p-title\"><a href=\"https:\/\/pruvayangin.com.tr\/index.php\/portfolios\/yangin-merdivenleri\/\">Yang\u0131n Merdivenleri<\/a><\/h4>\r\n                        \t                        \t<p class=\"p-category\"> <a href=\"https:\/\/pruvayangin.com.tr\/index.php\/portfolio-category\/yangin-sondurme\/\" rel=\"tag\">Yang\u0131n S\u00f6nd\u00fcrme<\/a><\/p>\r\n                    <\/div>\r\n                <\/div>\r\n            <\/div>\r\n\t\t<\/div>\r\n\t\t\r\n\t<div class=\"col-lg-4 col-md-6 grid-item \">\r\n\t\t\t<div class=\"portfolio-item content-overlay\">\r\n\t\t\t\t                    <div class=\"portfolio-img\">\r\n                    \t<a href=\"https:\/\/pruvayangin.com.tr\/index.php\/portfolios\/is-guvenligi-ekipmanlari\/\"><img loading=\"lazy\" decoding=\"async\" width=\"640\" height=\"427\" src=\"https:\/\/pruvayangin.com.tr\/wp-content\/uploads\/2023\/11\/12.jpg\" class=\"attachment-large size-large wp-post-image\" alt=\"\" srcset=\"https:\/\/pruvayangin.com.tr\/wp-content\/uploads\/2023\/11\/12.jpg 750w, https:\/\/pruvayangin.com.tr\/wp-content\/uploads\/2023\/11\/12-300x200.jpg 300w, https:\/\/pruvayangin.com.tr\/wp-content\/uploads\/2023\/11\/12-365x243.jpg 365w\" sizes=\"(max-width: 640px) 100vw, 640px\" \/><\/a>\r\n                    <\/div>\r\n                                <div class=\"portfolio-content\">\r\n                    <div class=\"portfolio-inner\">\r\n                        \t                        \t\t<h4 class=\"p-title\"><a href=\"https:\/\/pruvayangin.com.tr\/index.php\/portfolios\/is-guvenligi-ekipmanlari\/\">\u0130\u015f G\u00fcvenli\u011fi Ekipmanlar\u0131<\/a><\/h4>\r\n                        \t                        \t<p class=\"p-category\"> <a href=\"https:\/\/pruvayangin.com.tr\/index.php\/portfolio-category\/yangin-sondurme\/\" rel=\"tag\">Yang\u0131n S\u00f6nd\u00fcrme<\/a><\/p>\r\n                    <\/div>\r\n                <\/div>\r\n            <\/div>\r\n\t\t<\/div>\r\n\t\t\t\t\t<\/div>\n\t\t\t<\/div>\n\t\t<\/div>\n\t\n\t\t\t<\/div>\n\t\t\t\t<\/div>\n\t\t\t\t\t<\/div>\n\t\t<\/div>\n\t\t\t\t\t\t\t<\/div>\n\t\t<\/section>\n\t\t\t\t\t\t\t<\/div>\n\t\t","protected":false},"excerpt":{"rendered":"<p>Yedek Par\u00e7a ve Tamamlay\u0131c\u0131 \u00dcr\u00fcnler Yang\u0131n S\u00f6nd\u00fcrme Pano Tipi S\u00f6nd\u00fcrme Sistemi Yang\u0131n S\u00f6nd\u00fcrme Braket ve Ask\u0131lar Yang\u0131n S\u00f6nd\u00fcrme Yang\u0131n Hortumlar\u0131 Yang\u0131n S\u00f6nd\u00fcrme Yang\u0131n Rekor ve Vana Gruplar\u0131 Yang\u0131n S\u00f6nd\u00fcrme Otomatik S\u00f6nd\u00fcrme Sistemleri Yang\u0131n S\u00f6nd\u00fcrme Yang\u0131n Pompa Gruplar\u0131 Yang\u0131n S\u00f6nd\u00fcrme Yang\u0131n Alg\u0131lama ve Alarm Sistemleri Yang\u0131n S\u00f6nd\u00fcrme Yang\u0131n Merdivenleri Yang\u0131n S\u00f6nd\u00fcrme \u0130\u015f G\u00fcvenli\u011fi Ekipmanlar\u0131 Yang\u0131n S\u00f6nd\u00fcrme<\/p>\n","protected":false},"author":1,"featured_media":0,"parent":0,"menu_order":0,"comment_status":"closed","ping_status":"closed","template":"","meta":{"_monsterinsights_skip_tracking":false,"_monsterinsights_sitenote_active":false,"_monsterinsights_sitenote_note":"","_monsterinsights_sitenote_category":0,"footnotes":""},"yoast_head":"<!-- This site is optimized with the Yoast SEO plugin v21.7 - https:\/\/yoast.com\/wordpress\/plugins\/seo\/ -->\n<title>\u00dcr\u00fcnlerimiz - Pruva Yangin<\/title>\n<meta name=\"robots\" content=\"index, follow, max-snippet:-1, max-image-preview:large, max-video-preview:-1\" \/>\n<link rel=\"canonical\" href=\"https:\/\/pruvayangin.com.tr\/index.php\/urunlerimiz\/\" \/>\n<meta property=\"og:locale\" content=\"tr_TR\" \/>\n<meta property=\"og:type\" content=\"article\" \/>\n<meta property=\"og:title\" content=\"\u00dcr\u00fcnlerimiz - Pruva Yangin\" \/>\n<meta property=\"og:description\" content=\"Yedek Par\u00e7a ve Tamamlay\u0131c\u0131 \u00dcr\u00fcnler Yang\u0131n S\u00f6nd\u00fcrme Pano Tipi S\u00f6nd\u00fcrme Sistemi Yang\u0131n S\u00f6nd\u00fcrme Braket ve Ask\u0131lar Yang\u0131n S\u00f6nd\u00fcrme Yang\u0131n Hortumlar\u0131 Yang\u0131n S\u00f6nd\u00fcrme Yang\u0131n Rekor ve Vana Gruplar\u0131 Yang\u0131n S\u00f6nd\u00fcrme Otomatik S\u00f6nd\u00fcrme Sistemleri Yang\u0131n S\u00f6nd\u00fcrme Yang\u0131n Pompa Gruplar\u0131 Yang\u0131n S\u00f6nd\u00fcrme Yang\u0131n Alg\u0131lama ve Alarm Sistemleri Yang\u0131n S\u00f6nd\u00fcrme Yang\u0131n Merdivenleri Yang\u0131n S\u00f6nd\u00fcrme \u0130\u015f G\u00fcvenli\u011fi Ekipmanlar\u0131 Yang\u0131n S\u00f6nd\u00fcrme\" \/>\n<meta property=\"og:url\" content=\"https:\/\/pruvayangin.com.tr\/index.php\/urunlerimiz\/\" \/>\n<meta property=\"og:site_name\" content=\"Pruva Yangin\" \/>\n<meta property=\"article:modified_time\" content=\"2023-11-26T19:47:46+00:00\" \/>\n<meta property=\"og:image\" content=\"https:\/\/pruvayangin.com.tr\/wp-content\/uploads\/2023\/11\/03.jpg\" \/>\n<meta name=\"twitter:card\" content=\"summary_large_image\" \/>\n<meta name=\"twitter:label1\" content=\"Tahmini okuma s\u00fcresi\" \/>\n\t<meta name=\"twitter:data1\" content=\"1 dakika\" \/>\n<script type=\"application\/ld+json\" class=\"yoast-schema-graph\">{\"@context\":\"https:\/\/schema.org\",\"@graph\":[{\"@type\":\"WebPage\",\"@id\":\"https:\/\/pruvayangin.com.tr\/index.php\/urunlerimiz\/\",\"url\":\"https:\/\/pruvayangin.com.tr\/index.php\/urunlerimiz\/\",\"name\":\"\u00dcr\u00fcnlerimiz - Pruva Yangin\",\"isPartOf\":{\"@id\":\"https:\/\/pruvayangin.com.tr\/#website\"},\"datePublished\":\"2023-07-18T20:49:06+00:00\",\"dateModified\":\"2023-11-26T19:47:46+00:00\",\"breadcrumb\":{\"@id\":\"https:\/\/pruvayangin.com.tr\/index.php\/urunlerimiz\/#breadcrumb\"},\"inLanguage\":\"tr\",\"potentialAction\":[{\"@type\":\"ReadAction\",\"target\":[\"https:\/\/pruvayangin.com.tr\/index.php\/urunlerimiz\/\"]}]},{\"@type\":\"BreadcrumbList\",\"@id\":\"https:\/\/pruvayangin.com.tr\/index.php\/urunlerimiz\/#breadcrumb\",\"itemListElement\":[{\"@type\":\"ListItem\",\"position\":1,\"name\":\"Anasayfa\",\"item\":\"https:\/\/pruvayangin.com.tr\/\"},{\"@type\":\"ListItem\",\"position\":2,\"name\":\"\u00dcr\u00fcnlerimiz\"}]},{\"@type\":\"WebSite\",\"@id\":\"https:\/\/pruvayangin.com.tr\/#website\",\"url\":\"https:\/\/pruvayangin.com.tr\/\",\"name\":\"Pruva Yangin\",\"description\":\"\",\"publisher\":{\"@id\":\"https:\/\/pruvayangin.com.tr\/#organization\"},\"potentialAction\":[{\"@type\":\"SearchAction\",\"target\":{\"@type\":\"EntryPoint\",\"urlTemplate\":\"https:\/\/pruvayangin.com.tr\/?s={search_term_string}\"},\"query-input\":\"required name=search_term_string\"}],\"inLanguage\":\"tr\"},{\"@type\":\"Organization\",\"@id\":\"https:\/\/pruvayangin.com.tr\/#organization\",\"name\":\"Pruva Yang\u0131n ve G\u00fcvenlik hizmetleri \u00fcr\u00fcnleri\",\"alternateName\":\"Antalya Yang\u0131n s\u00f6nd\u00fcr\u00fcc\u00fc firmas\u0131\",\"url\":\"https:\/\/pruvayangin.com.tr\/\",\"logo\":{\"@type\":\"ImageObject\",\"inLanguage\":\"tr\",\"@id\":\"https:\/\/pruvayangin.com.tr\/#\/schema\/logo\/image\/\",\"url\":\"https:\/\/pruvayangin.com.tr\/wp-content\/uploads\/2023\/11\/logo.png\",\"contentUrl\":\"https:\/\/pruvayangin.com.tr\/wp-content\/uploads\/2023\/11\/logo.png\",\"width\":400,\"height\":100,\"caption\":\"Pruva Yang\u0131n ve G\u00fcvenlik hizmetleri \u00fcr\u00fcnleri\"},\"image\":{\"@id\":\"https:\/\/pruvayangin.com.tr\/#\/schema\/logo\/image\/\"}}]}<\/script>\n<!-- \/ Yoast SEO plugin. -->","yoast_head_json":{"title":"\u00dcr\u00fcnlerimiz - Pruva Yangin","robots":{"index":"index","follow":"follow","max-snippet":"max-snippet:-1","max-image-preview":"max-image-preview:large","max-video-preview":"max-video-preview:-1"},"canonical":"https:\/\/pruvayangin.com.tr\/index.php\/urunlerimiz\/","og_locale":"tr_TR","og_type":"article","og_title":"\u00dcr\u00fcnlerimiz - Pruva Yangin","og_description":"Yedek Par\u00e7a ve Tamamlay\u0131c\u0131 \u00dcr\u00fcnler Yang\u0131n S\u00f6nd\u00fcrme Pano Tipi S\u00f6nd\u00fcrme Sistemi Yang\u0131n S\u00f6nd\u00fcrme Braket ve Ask\u0131lar Yang\u0131n S\u00f6nd\u00fcrme Yang\u0131n Hortumlar\u0131 Yang\u0131n S\u00f6nd\u00fcrme Yang\u0131n Rekor ve Vana Gruplar\u0131 Yang\u0131n S\u00f6nd\u00fcrme Otomatik S\u00f6nd\u00fcrme Sistemleri Yang\u0131n S\u00f6nd\u00fcrme Yang\u0131n Pompa Gruplar\u0131 Yang\u0131n S\u00f6nd\u00fcrme Yang\u0131n Alg\u0131lama ve Alarm Sistemleri Yang\u0131n S\u00f6nd\u00fcrme Yang\u0131n Merdivenleri Yang\u0131n S\u00f6nd\u00fcrme \u0130\u015f G\u00fcvenli\u011fi Ekipmanlar\u0131 Yang\u0131n S\u00f6nd\u00fcrme","og_url":"https:\/\/pruvayangin.com.tr\/index.php\/urunlerimiz\/","og_site_name":"Pruva Yangin","article_modified_time":"2023-11-26T19:47:46+00:00","og_image":[{"url":"https:\/\/pruvayangin.com.tr\/wp-content\/uploads\/2023\/11\/03.jpg"}],"twitter_card":"summary_large_image","twitter_misc":{"Tahmini okuma s\u00fcresi":"1 dakika"},"schema":{"@context":"https:\/\/schema.org","@graph":[{"@type":"WebPage","@id":"https:\/\/pruvayangin.com.tr\/index.php\/urunlerimiz\/","url":"https:\/\/pruvayangin.com.tr\/index.php\/urunlerimiz\/","name":"\u00dcr\u00fcnlerimiz - Pruva Yangin","isPartOf":{"@id":"https:\/\/pruvayangin.com.tr\/#website"},"datePublished":"2023-07-18T20:49:06+00:00","dateModified":"2023-11-26T19:47:46+00:00","breadcrumb":{"@id":"https:\/\/pruvayangin.com.tr\/index.php\/urunlerimiz\/#breadcrumb"},"inLanguage":"tr","potentialAction":[{"@type":"ReadAction","target":["https:\/\/pruvayangin.com.tr\/index.php\/urunlerimiz\/"]}]},{"@type":"BreadcrumbList","@id":"https:\/\/pruvayangin.com.tr\/index.php\/urunlerimiz\/#breadcrumb","itemListElement":[{"@type":"ListItem","position":1,"name":"Anasayfa","item":"https:\/\/pruvayangin.com.tr\/"},{"@type":"ListItem","position":2,"name":"\u00dcr\u00fcnlerimiz"}]},{"@type":"WebSite","@id":"https:\/\/pruvayangin.com.tr\/#website","url":"https:\/\/pruvayangin.com.tr\/","name":"Pruva Yangin","description":"","publisher":{"@id":"https:\/\/pruvayangin.com.tr\/#organization"},"potentialAction":[{"@type":"SearchAction","target":{"@type":"EntryPoint","urlTemplate":"https:\/\/pruvayangin.com.tr\/?s={search_term_string}"},"query-input":"required name=search_term_string"}],"inLanguage":"tr"},{"@type":"Organization","@id":"https:\/\/pruvayangin.com.tr\/#organization","name":"Pruva Yang\u0131n ve G\u00fcvenlik hizmetleri \u00fcr\u00fcnleri","alternateName":"Antalya Yang\u0131n s\u00f6nd\u00fcr\u00fcc\u00fc firmas\u0131","url":"https:\/\/pruvayangin.com.tr\/","logo":{"@type":"ImageObject","inLanguage":"tr","@id":"https:\/\/pruvayangin.com.tr\/#\/schema\/logo\/image\/","url":"https:\/\/pruvayangin.com.tr\/wp-content\/uploads\/2023\/11\/logo.png","contentUrl":"https:\/\/pruvayangin.com.tr\/wp-content\/uploads\/2023\/11\/logo.png","width":400,"height":100,"caption":"Pruva Yang\u0131n ve G\u00fcvenlik hizmetleri \u00fcr\u00fcnleri"},"image":{"@id":"https:\/\/pruvayangin.com.tr\/#\/schema\/logo\/image\/"}}]}},"_links":{"self":[{"href":"https:\/\/pruvayangin.com.tr\/index.php\/wp-json\/wp\/v2\/pages\/13487"}],"collection":[{"href":"https:\/\/pruvayangin.com.tr\/index.php\/wp-json\/wp\/v2\/pages"}],"about":[{"href":"https:\/\/pruvayangin.com.tr\/index.php\/wp-json\/wp\/v2\/types\/page"}],"author":[{"embeddable":true,"href":"https:\/\/pruvayangin.com.tr\/index.php\/wp-json\/wp\/v2\/users\/1"}],"replies":[{"embeddable":true,"href":"https:\/\/pruvayangin.com.tr\/index.php\/wp-json\/wp\/v2\/comments?post=13487"}],"version-history":[{"count":4,"href":"https:\/\/pruvayangin.com.tr\/index.php\/wp-json\/wp\/v2\/pages\/13487\/revisions"}],"predecessor-version":[{"id":14151,"href":"https:\/\/pruvayangin.com.tr\/index.php\/wp-json\/wp\/v2\/pages\/13487\/revisions\/14151"}],"wp:attachment":[{"href":"https:\/\/pruvayangin.com.tr\/index.php\/wp-json\/wp\/v2\/media?parent=13487"}],"curies":[{"name":"wp","href":"https:\/\/api.w.org\/{rel}","templated":true}]}}