{"id":11,"date":"2023-07-19T12:27:56","date_gmt":"2023-07-19T12:27:56","guid":{"rendered":"http:\/\/consulting2.reobiztheme.com\/cart\/"},"modified":"2023-07-19T12:27:56","modified_gmt":"2023-07-19T12:27:56","slug":"cart","status":"publish","type":"page","link":"https:\/\/pruvayangin.com.tr\/index.php\/cart\/","title":{"rendered":"Cart"},"content":{"rendered":"<p>[woocommerce_cart]<\/p>\n","protected":false},"excerpt":{"rendered":"","protected":false},"author":1,"featured_media":0,"parent":0,"menu_order":0,"comment_status":"closed","ping_status":"closed","template":"","meta":{"_monsterinsights_skip_tracking":false,"_monsterinsights_sitenote_active":false,"_monsterinsights_sitenote_note":"","_monsterinsights_sitenote_category":0,"footnotes":""},"yoast_head":"<!-- This site is optimized with the Yoast SEO plugin v21.7 - https:\/\/yoast.com\/wordpress\/plugins\/seo\/ -->\n<title>Cart - Pruva Yangin<\/title>\n<meta name=\"robots\" content=\"index, follow, max-snippet:-1, max-image-preview:large, max-video-preview:-1\" \/>\n<link rel=\"canonical\" href=\"https:\/\/pruvayangin.com.tr\/index.php\/cart\/\" \/>\n<meta property=\"og:locale\" content=\"tr_TR\" \/>\n<meta property=\"og:type\" content=\"article\" \/>\n<meta property=\"og:title\" content=\"Cart - Pruva Yangin\" \/>\n<meta property=\"og:url\" content=\"https:\/\/pruvayangin.com.tr\/index.php\/cart\/\" \/>\n<meta property=\"og:site_name\" content=\"Pruva Yangin\" \/>\n<meta name=\"twitter:card\" content=\"summary_large_image\" \/>\n<script type=\"application\/ld+json\" class=\"yoast-schema-graph\">{\"@context\":\"https:\/\/schema.org\",\"@graph\":[{\"@type\":\"WebPage\",\"@id\":\"https:\/\/pruvayangin.com.tr\/index.php\/cart\/\",\"url\":\"https:\/\/pruvayangin.com.tr\/index.php\/cart\/\",\"name\":\"Cart - Pruva Yangin\",\"isPartOf\":{\"@id\":\"https:\/\/pruvayangin.com.tr\/#website\"},\"datePublished\":\"2023-07-19T12:27:56+00:00\",\"dateModified\":\"2023-07-19T12:27:56+00:00\",\"breadcrumb\":{\"@id\":\"https:\/\/pruvayangin.com.tr\/index.php\/cart\/#breadcrumb\"},\"inLanguage\":\"tr\",\"potentialAction\":[{\"@type\":\"ReadAction\",\"target\":[\"https:\/\/pruvayangin.com.tr\/index.php\/cart\/\"]}]},{\"@type\":\"BreadcrumbList\",\"@id\":\"https:\/\/pruvayangin.com.tr\/index.php\/cart\/#breadcrumb\",\"itemListElement\":[{\"@type\":\"ListItem\",\"position\":1,\"name\":\"Anasayfa\",\"item\":\"https:\/\/pruvayangin.com.tr\/\"},{\"@type\":\"ListItem\",\"position\":2,\"name\":\"Cart\"}]},{\"@type\":\"WebSite\",\"@id\":\"https:\/\/pruvayangin.com.tr\/#website\",\"url\":\"https:\/\/pruvayangin.com.tr\/\",\"name\":\"Pruva Yangin\",\"description\":\"\",\"publisher\":{\"@id\":\"https:\/\/pruvayangin.com.tr\/#organization\"},\"potentialAction\":[{\"@type\":\"SearchAction\",\"target\":{\"@type\":\"EntryPoint\",\"urlTemplate\":\"https:\/\/pruvayangin.com.tr\/?s={search_term_string}\"},\"query-input\":\"required name=search_term_string\"}],\"inLanguage\":\"tr\"},{\"@type\":\"Organization\",\"@id\":\"https:\/\/pruvayangin.com.tr\/#organization\",\"name\":\"Pruva Yang\u0131n ve G\u00fcvenlik hizmetleri \u00fcr\u00fcnleri\",\"alternateName\":\"Antalya Yang\u0131n s\u00f6nd\u00fcr\u00fcc\u00fc firmas\u0131\",\"url\":\"https:\/\/pruvayangin.com.tr\/\",\"logo\":{\"@type\":\"ImageObject\",\"inLanguage\":\"tr\",\"@id\":\"https:\/\/pruvayangin.com.tr\/#\/schema\/logo\/image\/\",\"url\":\"https:\/\/pruvayangin.com.tr\/wp-content\/uploads\/2023\/11\/logo.png\",\"contentUrl\":\"https:\/\/pruvayangin.com.tr\/wp-content\/uploads\/2023\/11\/logo.png\",\"width\":400,\"height\":100,\"caption\":\"Pruva Yang\u0131n ve G\u00fcvenlik hizmetleri \u00fcr\u00fcnleri\"},\"image\":{\"@id\":\"https:\/\/pruvayangin.com.tr\/#\/schema\/logo\/image\/\"}}]}<\/script>\n<!-- \/ Yoast SEO plugin. -->","yoast_head_json":{"title":"Cart - Pruva Yangin","robots":{"index":"index","follow":"follow","max-snippet":"max-snippet:-1","max-image-preview":"max-image-preview:large","max-video-preview":"max-video-preview:-1"},"canonical":"https:\/\/pruvayangin.com.tr\/index.php\/cart\/","og_locale":"tr_TR","og_type":"article","og_title":"Cart - Pruva Yangin","og_url":"https:\/\/pruvayangin.com.tr\/index.php\/cart\/","og_site_name":"Pruva Yangin","twitter_card":"summary_large_image","schema":{"@context":"https:\/\/schema.org","@graph":[{"@type":"WebPage","@id":"https:\/\/pruvayangin.com.tr\/index.php\/cart\/","url":"https:\/\/pruvayangin.com.tr\/index.php\/cart\/","name":"Cart - Pruva Yangin","isPartOf":{"@id":"https:\/\/pruvayangin.com.tr\/#website"},"datePublished":"2023-07-19T12:27:56+00:00","dateModified":"2023-07-19T12:27:56+00:00","breadcrumb":{"@id":"https:\/\/pruvayangin.com.tr\/index.php\/cart\/#breadcrumb"},"inLanguage":"tr","potentialAction":[{"@type":"ReadAction","target":["https:\/\/pruvayangin.com.tr\/index.php\/cart\/"]}]},{"@type":"BreadcrumbList","@id":"https:\/\/pruvayangin.com.tr\/index.php\/cart\/#breadcrumb","itemListElement":[{"@type":"ListItem","position":1,"name":"Anasayfa","item":"https:\/\/pruvayangin.com.tr\/"},{"@type":"ListItem","position":2,"name":"Cart"}]},{"@type":"WebSite","@id":"https:\/\/pruvayangin.com.tr\/#website","url":"https:\/\/pruvayangin.com.tr\/","name":"Pruva Yangin","description":"","publisher":{"@id":"https:\/\/pruvayangin.com.tr\/#organization"},"potentialAction":[{"@type":"SearchAction","target":{"@type":"EntryPoint","urlTemplate":"https:\/\/pruvayangin.com.tr\/?s={search_term_string}"},"query-input":"required name=search_term_string"}],"inLanguage":"tr"},{"@type":"Organization","@id":"https:\/\/pruvayangin.com.tr\/#organization","name":"Pruva Yang\u0131n ve G\u00fcvenlik hizmetleri \u00fcr\u00fcnleri","alternateName":"Antalya Yang\u0131n s\u00f6nd\u00fcr\u00fcc\u00fc firmas\u0131","url":"https:\/\/pruvayangin.com.tr\/","logo":{"@type":"ImageObject","inLanguage":"tr","@id":"https:\/\/pruvayangin.com.tr\/#\/schema\/logo\/image\/","url":"https:\/\/pruvayangin.com.tr\/wp-content\/uploads\/2023\/11\/logo.png","contentUrl":"https:\/\/pruvayangin.com.tr\/wp-content\/uploads\/2023\/11\/logo.png","width":400,"height":100,"caption":"Pruva Yang\u0131n ve G\u00fcvenlik hizmetleri \u00fcr\u00fcnleri"},"image":{"@id":"https:\/\/pruvayangin.com.tr\/#\/schema\/logo\/image\/"}}]}},"_links":{"self":[{"href":"https:\/\/pruvayangin.com.tr\/index.php\/wp-json\/wp\/v2\/pages\/11"}],"collection":[{"href":"https:\/\/pruvayangin.com.tr\/index.php\/wp-json\/wp\/v2\/pages"}],"about":[{"href":"https:\/\/pruvayangin.com.tr\/index.php\/wp-json\/wp\/v2\/types\/page"}],"author":[{"embeddable":true,"href":"https:\/\/pruvayangin.com.tr\/index.php\/wp-json\/wp\/v2\/users\/1"}],"replies":[{"embeddable":true,"href":"https:\/\/pruvayangin.com.tr\/index.php\/wp-json\/wp\/v2\/comments?post=11"}],"version-history":[{"count":0,"href":"https:\/\/pruvayangin.com.tr\/index.php\/wp-json\/wp\/v2\/pages\/11\/revisions"}],"wp:attachment":[{"href":"https:\/\/pruvayangin.com.tr\/index.php\/wp-json\/wp\/v2\/media?parent=11"}],"curies":[{"name":"wp","href":"https:\/\/api.w.org\/{rel}","templated":true}]}}